{"id":742,"date":"2019-02-20T10:04:47","date_gmt":"2019-02-20T09:04:47","guid":{"rendered":"http:\/\/www.zedant.es\/?page_id=742"},"modified":"2019-02-20T10:04:49","modified_gmt":"2019-02-20T09:04:49","slug":"aviso-legal","status":"publish","type":"page","link":"https:\/\/www.zedant.es\/index.php\/aviso-legal\/","title":{"rendered":"Aviso legal"},"content":{"rendered":"\n<p><strong>ZEDANT Soluciones Inmobiliarias, SL<\/strong>, provisto con NIF\/CIF <strong>B85163947<\/strong>, direcci\u00f3n <strong>C\/ Fernandez De La Hoz 62 &#8211; Bajo \u00abB\u00bb &nbsp;28010, Madrid<\/strong>,\nno puede asumir ninguna responsabilidad derivada del uso incorrecto,\ninapropiado o il\u00edcito de la informaci\u00f3n aparecida en la p\u00e1gina de Internet <strong>www.zedant.es<\/strong>. <\/p>\n\n\n\n<p>Con los l\u00edmites establecidos en\nla ley, <strong>ZEDANT Soluciones Inmobiliarias,\nSL<\/strong> no asume ninguna responsabilidad derivada de la falta de veracidad,\nintegridad, actualizaci\u00f3n y precisi\u00f3n de los datos o informaciones que se\ncontienen en sus p\u00e1ginas de Internet. <\/p>\n\n\n\n<p>Los contenidos e informaci\u00f3n no\nvinculan a <strong>ZEDANT Soluciones\nInmobiliarias, SL<\/strong> ni constituyen opiniones, consejos o asesoramiento legal\nde ning\u00fan tipo pues se trata meramente de un servicio ofrecido con car\u00e1cter\ninformativo y divulgativo. <\/p>\n\n\n\n<p>La p\u00e1gina de Internet <strong>www.zedant.es<\/strong> puede contener enlaces\n(links) a otras p\u00e1ginas de terceras partes que <strong>ZEDANT Soluciones Inmobiliarias, SL<\/strong> no puede controlar. Por lo\ntanto, <strong>ZEDANT Soluciones Inmobiliarias,\nSL<\/strong> no puede asumir responsabilidades por el contenido que pueda aparecer en\np\u00e1ginas de terceros. <\/p>\n\n\n\n<p>Los textos, im\u00e1genes, sonidos,\nanimaciones, software y el resto de contenidos incluidos en este website son\npropiedad exclusiva de <strong>ZEDANT Soluciones\nInmobiliarias, SL<\/strong> o sus licenciantes. Cualquier acto de transmisi\u00f3n,\ndistribuci\u00f3n, cesi\u00f3n, reproducci\u00f3n, almacenamiento o comunicaci\u00f3n p\u00fablica total\no parcial, debe contar con el consentimiento expreso de <strong>ZEDANT Soluciones Inmobiliarias, SL<\/strong>.<\/p>\n\n\n\n<p>Asimismo, para acceder a algunos\nde los servicios que <strong>ZEDANT Soluciones\nInmobiliarias, SL<\/strong> ofrece a trav\u00e9s del website deber\u00e1 proporcionar algunos\ndatos de car\u00e1cter personal. En cumplimiento de lo establecido en el Reglamento\n(UE) 2016\/679 del Parlamento Europeo y del Consejo, de 27 de abril de 2016,\nrelativo a la protecci\u00f3n de las personas f\u00edsicas en lo que respecta al\ntratamiento de datos personales y a la libre circulaci\u00f3n de estos datos le\ninformamos que, mediante la cumplimentaci\u00f3n de los presentes formularios, sus\ndatos personales quedar\u00e1n incorporados y ser\u00e1n tratados en los ficheros de <strong>ZEDANT Soluciones Inmobiliarias, SL<\/strong> con\nel fin de poderle prestar y ofrecer nuestros servicios as\u00ed como para informarle\nde las mejoras del sitio Web. Asimismo, le informamos de la posibilidad de que\nejerza los derechos de acceso, rectificaci\u00f3n, cancelaci\u00f3n y oposici\u00f3n de sus\ndatos de car\u00e1cter personal, manera gratuita mediante email a <strong>administracion@zedant.es<\/strong> o en la direcci\u00f3n <strong>C\/ Fernandez De La Hoz 62 &#8211; Bajo \u00abB\u00bb &nbsp;28010, Madrid.<\/strong><\/p>\n","protected":false},"excerpt":{"rendered":"<p>ZEDANT Soluciones Inmobiliarias, SL, provisto con NIF\/CIF B85163947, direcci\u00f3n C\/ Fernandez De La Hoz 62 &#8211; Bajo \u00abB\u00bb &nbsp;28010, Madrid, no puede asumir ninguna responsabilidad derivada del uso incorrecto, inapropiado o il\u00edcito de la informaci\u00f3n aparecida en la p\u00e1gina de Internet www.zedant.es. Con los l\u00edmites establecidos en la ley, ZEDANT Soluciones Inmobiliarias, SL no asume [&hellip;]<\/p>\n","protected":false},"author":2,"featured_media":0,"parent":0,"menu_order":0,"comment_status":"closed","ping_status":"closed","template":"","meta":{"_monsterinsights_skip_tracking":false,"_monsterinsights_sitenote_active":false,"_monsterinsights_sitenote_note":"","_monsterinsights_sitenote_category":0,"footnotes":""},"class_list":["post-742","page","type-page","status-publish","hentry"],"aioseo_notices":[],"_links":{"self":[{"href":"https:\/\/www.zedant.es\/index.php\/wp-json\/wp\/v2\/pages\/742","targetHints":{"allow":["GET"]}}],"collection":[{"href":"https:\/\/www.zedant.es\/index.php\/wp-json\/wp\/v2\/pages"}],"about":[{"href":"https:\/\/www.zedant.es\/index.php\/wp-json\/wp\/v2\/types\/page"}],"author":[{"embeddable":true,"href":"https:\/\/www.zedant.es\/index.php\/wp-json\/wp\/v2\/users\/2"}],"replies":[{"embeddable":true,"href":"https:\/\/www.zedant.es\/index.php\/wp-json\/wp\/v2\/comments?post=742"}],"version-history":[{"count":1,"href":"https:\/\/www.zedant.es\/index.php\/wp-json\/wp\/v2\/pages\/742\/revisions"}],"predecessor-version":[{"id":743,"href":"https:\/\/www.zedant.es\/index.php\/wp-json\/wp\/v2\/pages\/742\/revisions\/743"}],"wp:attachment":[{"href":"https:\/\/www.zedant.es\/index.php\/wp-json\/wp\/v2\/media?parent=742"}],"curies":[{"name":"wp","href":"https:\/\/api.w.org\/{rel}","templated":true}]}}