{"id":597,"date":"2018-10-19T07:26:41","date_gmt":"2018-10-19T07:26:41","guid":{"rendered":"http:\/\/www.zedant.es\/?page_id=597"},"modified":"2020-05-11T20:27:54","modified_gmt":"2020-05-11T19:27:54","slug":"crowfunding","status":"publish","type":"page","link":"https:\/\/www.zedant.es\/index.php\/crowfunding\/","title":{"rendered":"INVERSORES"},"content":{"rendered":"\t\t<div data-elementor-type=\"wp-post\" data-elementor-id=\"597\" class=\"elementor elementor-597\">\n\t\t\t\t\t\t<section class=\"elementor-section elementor-top-section elementor-element elementor-element-b4e3762 elementor-section-boxed elementor-section-height-default elementor-section-height-default\" data-id=\"b4e3762\" data-element_type=\"section\" data-e-type=\"section\">\n\t\t\t\t\t\t<div class=\"elementor-container elementor-column-gap-default\">\n\t\t\t\t\t<div class=\"elementor-column elementor-col-100 elementor-top-column elementor-element elementor-element-8166265\" data-id=\"8166265\" data-element_type=\"column\" data-e-type=\"column\">\n\t\t\t<div class=\"elementor-widget-wrap elementor-element-populated\">\n\t\t\t\t\t\t<div class=\"elementor-element elementor-element-103c897 elementor-widget elementor-widget-heading\" data-id=\"103c897\" data-element_type=\"widget\" data-e-type=\"widget\" data-widget_type=\"heading.default\">\n\t\t\t\t<div class=\"elementor-widget-container\">\n\t\t\t\t\t<h2 class=\"elementor-heading-title elementor-size-default\"> INVERSI\u00d3N EN ACTIVOS INMOBILIARIOS <\/h2>\t\t\t\t<\/div>\n\t\t\t\t<\/div>\n\t\t\t\t\t<\/div>\n\t\t<\/div>\n\t\t\t\t\t<\/div>\n\t\t<\/section>\n\t\t\t\t<section class=\"elementor-section elementor-top-section elementor-element elementor-element-1b68e9fd elementor-section-boxed elementor-section-height-default elementor-section-height-default\" data-id=\"1b68e9fd\" data-element_type=\"section\" data-e-type=\"section\">\n\t\t\t\t\t\t<div class=\"elementor-container elementor-column-gap-default\">\n\t\t\t\t\t<div class=\"elementor-column elementor-col-100 elementor-top-column elementor-element elementor-element-122afabd\" data-id=\"122afabd\" data-element_type=\"column\" data-e-type=\"column\">\n\t\t\t<div class=\"elementor-widget-wrap elementor-element-populated\">\n\t\t\t\t\t\t<div class=\"elementor-element elementor-element-6d6d6a3 elementor-widget elementor-widget-spacer\" data-id=\"6d6d6a3\" data-element_type=\"widget\" data-e-type=\"widget\" data-widget_type=\"spacer.default\">\n\t\t\t\t<div class=\"elementor-widget-container\">\n\t\t\t\t\t\t\t<div class=\"elementor-spacer\">\n\t\t\t<div class=\"elementor-spacer-inner\"><\/div>\n\t\t<\/div>\n\t\t\t\t\t\t<\/div>\n\t\t\t\t<\/div>\n\t\t\t\t<div class=\"elementor-element elementor-element-3d4e26c7 elementor-widget elementor-widget-text-editor\" data-id=\"3d4e26c7\" data-element_type=\"widget\" data-e-type=\"widget\" data-widget_type=\"text-editor.default\">\n\t\t\t\t<div class=\"elementor-widget-container\">\n\t\t\t\t\t\t\t\t\t<p>Estos a\u00f1os nos han ense\u00f1ado a todos como los mercados pueden cambiar su signo en un reducido espacio de tiempo. Y que el mercado inmobiliario siempre recupera su valor pasado, cuando este se\u00a0realiza\u00a0en buenas zonas y con planes urban\u00edsticos ya consolidados.<span data-ccp-props=\"{\">\u00a0<\/span><\/p><p>Nuestros inversores viajan seguros y siempre acompa\u00f1ados por nosotros, en todas nuestras promociones al menos el 50% del capital invertido por <strong>ZEDANT<\/strong>.<span data-ccp-props=\"{\">\u00a0<\/span><\/p><p>A d\u00eda de hoy, y en los pr\u00f3ximos a\u00f1os, se abre una nueva etapa de crecimiento en sector\u00a0inmobiliario. M\u00e1s consolidada ya en zonas completamente desarrolladas, en suelos finalistas\u00a0 y en casco urbano.<span data-ccp-props=\"{\">\u00a0<\/span><\/p><p>En la actualidad gestionamos cerca de <strong>45<\/strong> Millones de Euros en las diferentes promociones que tenemos abiertas en estas fechas.\u00a0\u00a0<span data-ccp-props=\"{\">\u00a0<\/span><\/p><p style=\"text-align: center;\"><em>\u00abTodos los meses se abren Ventanas de Inversi\u00f3n en nuestros proyectos&#8230;\u00bb\u00a0<\/em><\/p>\t\t\t\t\t\t\t\t<\/div>\n\t\t\t\t<\/div>\n\t\t\t\t\t<\/div>\n\t\t<\/div>\n\t\t\t\t\t<\/div>\n\t\t<\/section>\n\t\t\t\t<section class=\"elementor-section elementor-top-section elementor-element elementor-element-9f7dc5a elementor-section-boxed elementor-section-height-default elementor-section-height-default\" data-id=\"9f7dc5a\" data-element_type=\"section\" data-e-type=\"section\">\n\t\t\t\t\t\t<div class=\"elementor-container elementor-column-gap-default\">\n\t\t\t\t\t<div class=\"elementor-column elementor-col-100 elementor-top-column elementor-element elementor-element-685f5b1\" data-id=\"685f5b1\" data-element_type=\"column\" data-e-type=\"column\">\n\t\t\t<div class=\"elementor-widget-wrap elementor-element-populated\">\n\t\t\t\t\t\t<div class=\"elementor-element elementor-element-c3952a7 elementor-widget elementor-widget-heading\" data-id=\"c3952a7\" data-element_type=\"widget\" data-e-type=\"widget\" data-widget_type=\"heading.default\">\n\t\t\t\t<div class=\"elementor-widget-container\">\n\t\t\t\t\t<h2 class=\"elementor-heading-title elementor-size-default\">MODALIDADES DE INVERSION<\/h2>\t\t\t\t<\/div>\n\t\t\t\t<\/div>\n\t\t\t\t<div class=\"elementor-element elementor-element-95ca0b4 elementor-widget elementor-widget-spacer\" data-id=\"95ca0b4\" data-element_type=\"widget\" data-e-type=\"widget\" data-widget_type=\"spacer.default\">\n\t\t\t\t<div class=\"elementor-widget-container\">\n\t\t\t\t\t\t\t<div class=\"elementor-spacer\">\n\t\t\t<div class=\"elementor-spacer-inner\"><\/div>\n\t\t<\/div>\n\t\t\t\t\t\t<\/div>\n\t\t\t\t<\/div>\n\t\t\t\t\t<\/div>\n\t\t<\/div>\n\t\t\t\t\t<\/div>\n\t\t<\/section>\n\t\t\t\t<section class=\"elementor-section elementor-top-section elementor-element elementor-element-96cddf1 elementor-section-boxed elementor-section-height-default elementor-section-height-default\" data-id=\"96cddf1\" data-element_type=\"section\" data-e-type=\"section\">\n\t\t\t\t\t\t<div class=\"elementor-container elementor-column-gap-default\">\n\t\t\t\t\t<div class=\"elementor-column elementor-col-33 elementor-top-column elementor-element elementor-element-ece6557\" data-id=\"ece6557\" data-element_type=\"column\" data-e-type=\"column\">\n\t\t\t<div class=\"elementor-widget-wrap elementor-element-populated\">\n\t\t\t\t\t\t<div class=\"elementor-element elementor-element-0413b8b elementor-widget elementor-widget-text-editor\" data-id=\"0413b8b\" data-element_type=\"widget\" data-e-type=\"widget\" data-widget_type=\"text-editor.default\">\n\t\t\t\t<div class=\"elementor-widget-container\">\n\t\t\t\t\t\t\t\t\t<p style=\"text-align: center;\"><span style=\"text-decoration: underline;\"><span style=\"color: #003366;\"><strong><span style=\"font-family: terminal, monaco, monospace; font-size: 14pt;\">PROMOTOR CON NOSOTROS<\/span><\/strong><\/span><\/span><\/p><p>Invierte en proyectos de promoci\u00f3n con nosotros, desde el principio del proyecto hasta la entrega de llaves<\/p>\t\t\t\t\t\t\t\t<\/div>\n\t\t\t\t<\/div>\n\t\t\t\t<div class=\"elementor-element elementor-element-fec8b97 elementor-widget elementor-widget-text-editor\" data-id=\"fec8b97\" data-element_type=\"widget\" data-e-type=\"widget\" data-widget_type=\"text-editor.default\">\n\t\t\t\t<div class=\"elementor-widget-container\">\n\t\t\t\t\t\t\t\t\t<ul><li style=\"text-align: left;\"><strong>ALTA RENTABILIDAD<\/strong><\/li><li style=\"text-align: left;\"><strong>PLAZO DE INVERSION<\/strong><\/li><li style=\"text-align: left;\"><strong>24 a 30 MESES<\/strong><\/li><\/ul>\t\t\t\t\t\t\t\t<\/div>\n\t\t\t\t<\/div>\n\t\t\t\t<div class=\"elementor-element elementor-element-7cc2b8a elementor-widget elementor-widget-button\" data-id=\"7cc2b8a\" data-element_type=\"widget\" data-e-type=\"widget\" data-widget_type=\"button.default\">\n\t\t\t\t<div class=\"elementor-widget-container\">\n\t\t\t\t\t\t\t\t\t<div class=\"elementor-button-wrapper\">\n\t\t\t\t\t<a class=\"elementor-button elementor-button-link elementor-size-sm\" href=\"http:\/\/www.zedant.es\/index.php\/contacto-crowfunding\/\">\n\t\t\t\t\t\t<span class=\"elementor-button-content-wrapper\">\n\t\t\t\t\t\t\t\t\t<span class=\"elementor-button-text\">Ampl\u00eda informaci\u00f3n<\/span>\n\t\t\t\t\t<\/span>\n\t\t\t\t\t<\/a>\n\t\t\t\t<\/div>\n\t\t\t\t\t\t\t\t<\/div>\n\t\t\t\t<\/div>\n\t\t\t\t\t<\/div>\n\t\t<\/div>\n\t\t\t\t<div class=\"elementor-column elementor-col-33 elementor-top-column elementor-element elementor-element-b5611b0\" data-id=\"b5611b0\" data-element_type=\"column\" data-e-type=\"column\">\n\t\t\t<div class=\"elementor-widget-wrap elementor-element-populated\">\n\t\t\t\t\t\t<div class=\"elementor-element elementor-element-2a07788 elementor-widget elementor-widget-text-editor\" data-id=\"2a07788\" data-element_type=\"widget\" data-e-type=\"widget\" data-widget_type=\"text-editor.default\">\n\t\t\t\t<div class=\"elementor-widget-container\">\n\t\t\t\t\t\t\t\t\t<p style=\"text-align: center;\"><span style=\"text-decoration: underline;\"><span style=\"color: #003366; font-family: terminal, monaco, monospace; font-size: 14pt;\"><strong>ELIGE TU PISO<\/strong><\/span><\/span><\/p><p>Compra tu piso cuando se inicia la construcci\u00f3n y obt\u00e9n descuentos especiales.<\/p>\t\t\t\t\t\t\t\t<\/div>\n\t\t\t\t<\/div>\n\t\t\t\t<div class=\"elementor-element elementor-element-8bb3bf3 elementor-widget elementor-widget-text-editor\" data-id=\"8bb3bf3\" data-element_type=\"widget\" data-e-type=\"widget\" data-widget_type=\"text-editor.default\">\n\t\t\t\t<div class=\"elementor-widget-container\">\n\t\t\t\t\t\t\t\t\t<ul><li><strong>BUENA RENTABILIDAD<\/strong><\/li><li><strong>PLAZO MEDIO<\/strong><\/li><li><strong>12 a 20 MESES<\/strong><\/li><\/ul>\t\t\t\t\t\t\t\t<\/div>\n\t\t\t\t<\/div>\n\t\t\t\t<div class=\"elementor-element elementor-element-4c4a646 elementor-button-info elementor-widget elementor-widget-button\" data-id=\"4c4a646\" data-element_type=\"widget\" data-e-type=\"widget\" data-widget_type=\"button.default\">\n\t\t\t\t<div class=\"elementor-widget-container\">\n\t\t\t\t\t\t\t\t\t<div class=\"elementor-button-wrapper\">\n\t\t\t\t\t<a class=\"elementor-button elementor-button-link elementor-size-sm\" href=\"http:\/\/www.zedant.es\/index.php\/contacto-crowfunding\/\">\n\t\t\t\t\t\t<span class=\"elementor-button-content-wrapper\">\n\t\t\t\t\t\t\t\t\t<span class=\"elementor-button-text\">Ampl\u00eda informaci\u00f3n<\/span>\n\t\t\t\t\t<\/span>\n\t\t\t\t\t<\/a>\n\t\t\t\t<\/div>\n\t\t\t\t\t\t\t\t<\/div>\n\t\t\t\t<\/div>\n\t\t\t\t\t<\/div>\n\t\t<\/div>\n\t\t\t\t<div class=\"elementor-column elementor-col-33 elementor-top-column elementor-element elementor-element-f4c8967\" data-id=\"f4c8967\" data-element_type=\"column\" data-e-type=\"column\">\n\t\t\t<div class=\"elementor-widget-wrap elementor-element-populated\">\n\t\t\t\t\t\t<div class=\"elementor-element elementor-element-dc43d56 elementor-widget elementor-widget-text-editor\" data-id=\"dc43d56\" data-element_type=\"widget\" data-e-type=\"widget\" data-widget_type=\"text-editor.default\">\n\t\t\t\t<div class=\"elementor-widget-container\">\n\t\t\t\t\t\t\t\t\t<p style=\"text-align: center;\"><span style=\"text-decoration: underline;\"><span style=\"color: #003366;\"><strong><span style=\"font-size: 14pt; font-family: terminal, monaco, monospace;\">RENTABLE Y SEGURO<\/span><\/strong><\/span><\/span><\/p><p>Invierte en fases avanzadas del proyecto donde ya se han obtenido los puntos cr\u00edticos del proyecto.<\/p>\t\t\t\t\t\t\t\t<\/div>\n\t\t\t\t<\/div>\n\t\t\t\t<div class=\"elementor-element elementor-element-a0148ba elementor-widget elementor-widget-text-editor\" data-id=\"a0148ba\" data-element_type=\"widget\" data-e-type=\"widget\" data-widget_type=\"text-editor.default\">\n\t\t\t\t<div class=\"elementor-widget-container\">\n\t\t\t\t\t\t\t\t\t<ul><li><strong>RENTABILIDAD<\/strong><\/li><li><strong>CORTO PLAZO<\/strong><\/li><li><strong>6 a 12 MESES<\/strong><\/li><\/ul>\t\t\t\t\t\t\t\t<\/div>\n\t\t\t\t<\/div>\n\t\t\t\t<div class=\"elementor-element elementor-element-a2a2349 elementor-button-warning elementor-widget elementor-widget-button\" data-id=\"a2a2349\" data-element_type=\"widget\" data-e-type=\"widget\" data-widget_type=\"button.default\">\n\t\t\t\t<div class=\"elementor-widget-container\">\n\t\t\t\t\t\t\t\t\t<div class=\"elementor-button-wrapper\">\n\t\t\t\t\t<a class=\"elementor-button elementor-button-link elementor-size-sm\" href=\"http:\/\/www.zedant.es\/index.php\/contacto-crowfunding\/\">\n\t\t\t\t\t\t<span class=\"elementor-button-content-wrapper\">\n\t\t\t\t\t\t\t\t\t<span class=\"elementor-button-text\">Ampl\u00eda informaci\u00f3n<\/span>\n\t\t\t\t\t<\/span>\n\t\t\t\t\t<\/a>\n\t\t\t\t<\/div>\n\t\t\t\t\t\t\t\t<\/div>\n\t\t\t\t<\/div>\n\t\t\t\t\t<\/div>\n\t\t<\/div>\n\t\t\t\t\t<\/div>\n\t\t<\/section>\n\t\t\t\t<section class=\"elementor-section elementor-top-section elementor-element elementor-element-f7444b2 elementor-section-boxed elementor-section-height-default elementor-section-height-default\" data-id=\"f7444b2\" data-element_type=\"section\" data-e-type=\"section\">\n\t\t\t\t\t\t<div class=\"elementor-container elementor-column-gap-default\">\n\t\t\t\t\t<div class=\"elementor-column elementor-col-100 elementor-top-column elementor-element elementor-element-95a55fa\" data-id=\"95a55fa\" data-element_type=\"column\" data-e-type=\"column\">\n\t\t\t<div class=\"elementor-widget-wrap elementor-element-populated\">\n\t\t\t\t\t\t<div class=\"elementor-element elementor-element-7b1b843 elementor-widget elementor-widget-text-editor\" data-id=\"7b1b843\" data-element_type=\"widget\" data-e-type=\"widget\" data-widget_type=\"text-editor.default\">\n\t\t\t\t<div class=\"elementor-widget-container\">\n\t\t\t\t\t\t\t\t\t<p style=\"text-align: center;\"><strong>Tel\u00e9fono de Contacto (+34) 915 746 798<\/strong><\/p>\t\t\t\t\t\t\t\t<\/div>\n\t\t\t\t<\/div>\n\t\t\t\t\t<\/div>\n\t\t<\/div>\n\t\t\t\t\t<\/div>\n\t\t<\/section>\n\t\t\t\t<section class=\"elementor-section elementor-top-section elementor-element elementor-element-7d267a1 elementor-section-boxed elementor-section-height-default elementor-section-height-default\" data-id=\"7d267a1\" data-element_type=\"section\" data-e-type=\"section\" data-settings=\"{&quot;shape_divider_top&quot;:&quot;opacity-tilt&quot;}\">\n\t\t\t\t\t\t\t<div class=\"elementor-background-overlay\"><\/div>\n\t\t\t\t\t\t<div class=\"elementor-shape elementor-shape-top\" aria-hidden=\"true\" data-negative=\"false\">\n\t\t\t<svg xmlns=\"http:\/\/www.w3.org\/2000\/svg\" viewBox=\"0 0 2600 131.1\" preserveAspectRatio=\"none\">\n\t<path class=\"elementor-shape-fill\" d=\"M0 0L2600 0 2600 69.1 0 0z\"\/>\n\t<path class=\"elementor-shape-fill\" style=\"opacity:0.5\" d=\"M0 0L2600 0 2600 69.1 0 69.1z\"\/>\n\t<path class=\"elementor-shape-fill\" style=\"opacity:0.25\" d=\"M2600 0L0 0 0 130.1 2600 69.1z\"\/>\n<\/svg>\t\t<\/div>\n\t\t\t\t\t<div class=\"elementor-container elementor-column-gap-default\">\n\t\t\t\t\t<div class=\"elementor-column elementor-col-50 elementor-top-column elementor-element elementor-element-56aab39\" data-id=\"56aab39\" data-element_type=\"column\" data-e-type=\"column\">\n\t\t\t<div class=\"elementor-widget-wrap elementor-element-populated\">\n\t\t\t\t\t\t<div class=\"elementor-element elementor-element-81df4f7 elementor-widget elementor-widget-text-editor\" data-id=\"81df4f7\" data-element_type=\"widget\" data-e-type=\"widget\" data-widget_type=\"text-editor.default\">\n\t\t\t\t<div class=\"elementor-widget-container\">\n\t\t\t\t\t\t\t\t\t<p><span style=\"font-size: 14pt;\"><strong>CROWDUNFING<\/strong><\/span><\/p><p>La inversi\u00f3n en los proyectos implica los siguientes riesgos: riesgo de no obtener el rendimiento dinerario esperado, riesgo de ca\u00edda de precios, riesgo de no completar la financiaci\u00f3n, riesgo pol\u00edtico, riesgo de subida de tipos, riesgo de falta de liquidez para recuperar el capital invertido, car\u00e1cter subordinado del pr\u00e9stamo (particularmente frente al acreedor hipotecario, en aquellos casos en los que la adquisici\u00f3n del inmueble objeto del proyecto se financie adicionalmente mediante pr\u00e9stamos con garant\u00eda hipotecaria), riesgo de p\u00e9rdida total o parcial del capital invertido y riesgo de fraude.<\/p>\t\t\t\t\t\t\t\t<\/div>\n\t\t\t\t<\/div>\n\t\t\t\t\t<\/div>\n\t\t<\/div>\n\t\t\t\t<div class=\"elementor-column elementor-col-50 elementor-top-column elementor-element elementor-element-aea6cd0\" data-id=\"aea6cd0\" data-element_type=\"column\" data-e-type=\"column\">\n\t\t\t<div class=\"elementor-widget-wrap elementor-element-populated\">\n\t\t\t\t\t\t<div class=\"elementor-element elementor-element-1dbe38a elementor-widget elementor-widget-text-editor\" data-id=\"1dbe38a\" data-element_type=\"widget\" data-e-type=\"widget\" data-widget_type=\"text-editor.default\">\n\t\t\t\t<div class=\"elementor-widget-container\">\n\t\t\t\t\t\t\t\t\t<p style=\"text-align: center;\"><span style=\"font-size: 14pt;\"><strong>ADVERTENCIA<\/strong><\/span><\/p><p style=\"text-align: left;\">La plataforma de financiaci\u00f3n participativa (PFP) con la cual operamos no est\u00e1 cubierta por fondos de garant\u00eda de inversiones ni de dep\u00f3sitos. Los proyectos no son objeto de supervisi\u00f3n por la CNMV ni por el Banco de Espa\u00f1a ni cualquier otro regulador. La informaci\u00f3n facilitada por el promotor no ha sido revisada por la CNMV ni tampoco fue aprobada por \u00e9sta. Las oportunidades de inversi\u00f3n ofrecidas son previamente estudiadas y aprobadas por la PFP, pero esto no proporciona asesoramiento financiero y de ning\u00fan otro tipo. La informaci\u00f3n prestada en esta web no se considera asesoramiento y es \u00fanicamente una informaci\u00f3n general. Las previsiones e informaci\u00f3n presentadas por el promotor o gestor son s\u00f3lo planes de negocio y pueden sufrir modificaciones en el transcurso de las operaciones. Los inversores no podr\u00e1n influir en la gesti\u00f3n de las sociedades y proyectos financiados por la plataforma de financiaci\u00f3n participativa.<\/p>\t\t\t\t\t\t\t\t<\/div>\n\t\t\t\t<\/div>\n\t\t\t\t\t<\/div>\n\t\t<\/div>\n\t\t\t\t\t<\/div>\n\t\t<\/section>\n\t\t\t\t<\/div>\n\t\t","protected":false},"excerpt":{"rendered":"<p>INVERSI\u00d3N EN ACTIVOS INMOBILIARIOS Estos a\u00f1os nos han ense\u00f1ado a todos como los mercados pueden cambiar su signo en un reducido espacio de tiempo. Y que el mercado inmobiliario siempre recupera su valor pasado, cuando este se\u00a0realiza\u00a0en buenas zonas y con planes urban\u00edsticos ya consolidados.\u00a0 Nuestros inversores viajan seguros y siempre acompa\u00f1ados por nosotros, en [&hellip;]<\/p>\n","protected":false},"author":2,"featured_media":0,"parent":0,"menu_order":0,"comment_status":"closed","ping_status":"closed","template":"","meta":{"_monsterinsights_skip_tracking":false,"_monsterinsights_sitenote_active":false,"_monsterinsights_sitenote_note":"","_monsterinsights_sitenote_category":0,"footnotes":""},"class_list":["post-597","page","type-page","status-publish","hentry"],"aioseo_notices":[],"_links":{"self":[{"href":"https:\/\/www.zedant.es\/index.php\/wp-json\/wp\/v2\/pages\/597","targetHints":{"allow":["GET"]}}],"collection":[{"href":"https:\/\/www.zedant.es\/index.php\/wp-json\/wp\/v2\/pages"}],"about":[{"href":"https:\/\/www.zedant.es\/index.php\/wp-json\/wp\/v2\/types\/page"}],"author":[{"embeddable":true,"href":"https:\/\/www.zedant.es\/index.php\/wp-json\/wp\/v2\/users\/2"}],"replies":[{"embeddable":true,"href":"https:\/\/www.zedant.es\/index.php\/wp-json\/wp\/v2\/comments?post=597"}],"version-history":[{"count":18,"href":"https:\/\/www.zedant.es\/index.php\/wp-json\/wp\/v2\/pages\/597\/revisions"}],"predecessor-version":[{"id":922,"href":"https:\/\/www.zedant.es\/index.php\/wp-json\/wp\/v2\/pages\/597\/revisions\/922"}],"wp:attachment":[{"href":"https:\/\/www.zedant.es\/index.php\/wp-json\/wp\/v2\/media?parent=597"}],"curies":[{"name":"wp","href":"https:\/\/api.w.org\/{rel}","templated":true}]}}