{"id":336,"date":"2018-04-24T09:19:38","date_gmt":"2018-04-24T09:19:38","guid":{"rendered":"http:\/\/www.zedant.es\/?page_id=336"},"modified":"2018-04-24T09:19:38","modified_gmt":"2018-04-24T09:19:38","slug":"sostenibilidad","status":"publish","type":"page","link":"https:\/\/www.zedant.es\/index.php\/sostenibilidad\/","title":{"rendered":"Sostenibilidad"},"content":{"rendered":"<p>ZEDANT \u00a0tiene entre sus aspiraciones m\u00e1s b\u00e1sicas el mantener un comportamiento responsable y ambicioso en la conservaci\u00f3n del medio ambiente. Innovaci\u00f3n y el desarrollo de nuevas ideas que consigan minimizar el impacto ambiental de nuestras actividades mejorando, simult\u00e1neamente, la calidad de nuestras promociones y servicios.<\/p>\n<p>Este objetivo va, m\u00e1s all\u00e1 de asumir los compromisos habituales entre empresa, sus empleados, accionistas, socios, proveedores y otras partes afectadas en materia de conservaci\u00f3n de medio ambiente, e implica el compromiso de la compa\u00f1\u00eda hacia otras inquietudes propias de la sociedad actual, ayudando mediante sus pol\u00edticas empresariales a mejorar la calidad y la forma de actuar en el desarrollo de cada proyecto de promoci\u00f3n inmobiliaria.<\/p>\n<p>Nuestra actividad provoca impacto medio ambiental fruto de la utilizaci\u00f3n de materiales y energ\u00eda tanto en el momento de la construcci\u00f3n como a lo largo de la vida de las diferentes promociones.<\/p>\n<p>Sin olvidarnos impacto visual y paisaj\u00edstico de cada una de nuestros proyectos, donde se busca en todo momento la mayor eficiencia y el menor impacto posible.<\/p>\n<p><strong>Nuestra\u00a0 Pol\u00edtica Medioambiental, establece los siguientes principios:<\/strong><\/p>\n<ul>\n<li>Protecci\u00f3n y conservaci\u00f3n Medioambiental.<\/li>\n<li>Compromiso en cumplir con la Legislaci\u00f3n Aplicable a nuestras.<\/li>\n<li>Compromiso de Mejora Continua y Prevenci\u00f3n de la contaminaci\u00f3n.<\/li>\n<li>Utilizaci\u00f3n racional de los recursos, reduciendo la producci\u00f3n de los residuos y asegur\u00e1ndose que su eliminaci\u00f3n respeta el medioambiente, y reduciendo tambi\u00e9n las materias primas y energ\u00eda consumidos.<\/li>\n<li>Cooperaci\u00f3n con las Autoridades y Organismos cualificados en el desarrollo de las disposiciones que se destinen a proteger a la comunidad, a los empleados y al medioambiente.<\/li>\n<li>Realizaci\u00f3n de programas medio-ambientales.<\/li>\n<li>Evaluaci\u00f3n de los riesgos sobre el medioambiente en todas las actividades.<\/li>\n<\/ul>\n<p>En busca de esa excelencia energ\u00e9tica y mirando hacia un futuro donde el objetivo es la nula emisi\u00f3n de agentes contaminantes al medio ambiente. Nos incluimos en la m\u00e1xima expresi\u00f3n de eficiencia al integrar el certificado BREEAM dentro de nuestros proyectos.<\/p>\n<p>Al tratarse del m\u00e1ximo reconocimiento medioambiental, controlando el proyecto desde su fase inicial hasta la entrega de las viviendas y el posterior uso por parte de los propietarios el certificado BREEAM nos asegura y aporta confianza en estar trabajando de forma responsable con el medio ambiente y ahorro energ\u00e9tico.<\/p>\n<p>[bscolumns class=\u00bbone_half\u00bb]<a href=\"http:\/\/www.zedant.es\/wp-content\/uploads\/2018\/04\/descarga.png\"><img fetchpriority=\"high\" decoding=\"async\" class=\"alignnone size-full wp-image-338\" src=\"http:\/\/www.zedant.es\/wp-content\/uploads\/2018\/04\/descarga.png\" alt=\"\" width=\"377\" height=\"133\" srcset=\"https:\/\/www.zedant.es\/wp-content\/uploads\/2018\/04\/descarga.png 377w, https:\/\/www.zedant.es\/wp-content\/uploads\/2018\/04\/descarga-300x106.png 300w\" sizes=\"(max-width: 377px) 100vw, 377px\" \/><\/a>[\/bscolumns][bscolumns class=\u00bbone_half_last_clear\u00bb]<\/p>\n<p>Creado en Inglaterra en 1990, BREEAM\u00ae (Building Research Establishment Environmental Assessment Methodology) es el m\u00e9todo de evaluaci\u00f3n y certificaci\u00f3n de la sostenibilidad de la edificaci\u00f3n t\u00e9cnicamente m\u00e1s avanzado y est\u00e1 adaptado al idioma, normativa y pr\u00e1ctica constructiva de Espa\u00f1a desde el a\u00f1o 2010.<\/p>\n<p>Otorga una puntuaci\u00f3n final al edificio tras evaluar su impacto en 10 categor\u00edas: Gesti\u00f3n, Salud y Bienestar, Energ\u00eda, Transporte, Agua, Materiales, Residuos, Uso ecol\u00f3gico del suelo, Contaminaci\u00f3n, e Innovaci\u00f3n. Este proceso siempre deber ser realizado a trav\u00e9s de un\u00a0<a href=\"http:\/\/www.breeam.es\/index.php\/certifica\/buscador-asesores-breeam\"><strong>Asesor reconocido<\/strong><\/a>, el \u00fanico acreditado para realizar procesos de evaluaci\u00f3n con esta metodolog\u00eda tras superar un proceso avalado por ENAC conforme a los requisitos de la Norma 17024.<\/p>\n<p>[\/bscolumns][bscolumns class=\u00bbclear\u00bb][\/bscolumns]<\/p>\n<p>&nbsp;<\/p>\n","protected":false},"excerpt":{"rendered":"<p>ZEDANT \u00a0tiene entre sus aspiraciones m\u00e1s b\u00e1sicas el mantener un comportamiento responsable y ambicioso en la conservaci\u00f3n del medio ambiente. Innovaci\u00f3n y el desarrollo de nuevas ideas que consigan minimizar el impacto ambiental de nuestras actividades mejorando, simult\u00e1neamente, la calidad de nuestras promociones y servicios. Este objetivo va, m\u00e1s all\u00e1 de asumir los compromisos habituales [&hellip;]<\/p>\n","protected":false},"author":2,"featured_media":0,"parent":0,"menu_order":0,"comment_status":"closed","ping_status":"closed","template":"","meta":{"_monsterinsights_skip_tracking":false,"_monsterinsights_sitenote_active":false,"_monsterinsights_sitenote_note":"","_monsterinsights_sitenote_category":0,"footnotes":""},"class_list":["post-336","page","type-page","status-publish","hentry"],"aioseo_notices":[],"_links":{"self":[{"href":"https:\/\/www.zedant.es\/index.php\/wp-json\/wp\/v2\/pages\/336","targetHints":{"allow":["GET"]}}],"collection":[{"href":"https:\/\/www.zedant.es\/index.php\/wp-json\/wp\/v2\/pages"}],"about":[{"href":"https:\/\/www.zedant.es\/index.php\/wp-json\/wp\/v2\/types\/page"}],"author":[{"embeddable":true,"href":"https:\/\/www.zedant.es\/index.php\/wp-json\/wp\/v2\/users\/2"}],"replies":[{"embeddable":true,"href":"https:\/\/www.zedant.es\/index.php\/wp-json\/wp\/v2\/comments?post=336"}],"version-history":[{"count":1,"href":"https:\/\/www.zedant.es\/index.php\/wp-json\/wp\/v2\/pages\/336\/revisions"}],"predecessor-version":[{"id":339,"href":"https:\/\/www.zedant.es\/index.php\/wp-json\/wp\/v2\/pages\/336\/revisions\/339"}],"wp:attachment":[{"href":"https:\/\/www.zedant.es\/index.php\/wp-json\/wp\/v2\/media?parent=336"}],"curies":[{"name":"wp","href":"https:\/\/api.w.org\/{rel}","templated":true}]}}