{"id":33,"date":"2018-03-02T18:40:31","date_gmt":"2018-03-02T18:40:31","guid":{"rendered":"http:\/\/www.zedant.es\/?page_id=33"},"modified":"2018-12-17T10:30:37","modified_gmt":"2018-12-17T09:30:37","slug":"empresa","status":"publish","type":"page","link":"https:\/\/www.zedant.es\/index.php\/empresa\/","title":{"rendered":"Empresa"},"content":{"rendered":"<hr \/>\n<p dir=\"ltr\" style=\"text-align: center;\">Somos promotores inmobiliarios dedicados a crear y comercializar viviendas residenciales situadas en las mejores zonas. Calidad, Compromiso y Profesionalidad est\u00e1n presentes en todas nuestras actuaciones.<\/p>\n<p dir=\"ltr\" style=\"text-align: center;\">Especializados en promover y comercializar tanto vivienda residencial como vivienda vacacional en toda la Pen\u00ednsula Ib\u00e9rica. Nuestros profesionales con m\u00e1s de 30 a\u00f1os de experiencia en el sector, agrupan todas las etapas de la creaci\u00f3n de hogares, desde la proyecci\u00f3n de las residencias hasta el asesoramiento final, que requieren las familias cuando est\u00e1n confeccionado su hogar.<\/p>\n<p dir=\"ltr\" style=\"text-align: center;\"><strong>ZEDANT<\/strong> es un referente en sostenibilidad y medio ambiente. Los hogares del siglo XXI tienen que disponer de sistemas de m\u00e1xima eficiencia energ\u00e9tica para el ahorro y cuidado del medio ambiente. Diversas certificaciones avalan nuestras promociones.<\/p>\n<hr \/>\n<p><img fetchpriority=\"high\" decoding=\"async\" src=\"http:\/\/www.zedant.es\/wp-content\/uploads\/2018\/10\/LOGOS-EN-CONJUNTO2-1024x360.jpg\" alt=\"\" width=\"640\" height=\"225\" \/><\/p>\n","protected":false},"excerpt":{"rendered":"<p>Somos promotores inmobiliarios dedicados a crear y comercializar viviendas residenciales situadas en las mejores zonas. Calidad, Compromiso y Profesionalidad est\u00e1n presentes en todas nuestras actuaciones. Especializados en promover y comercializar tanto vivienda residencial como vivienda vacacional en toda la Pen\u00ednsula Ib\u00e9rica. Nuestros profesionales con m\u00e1s de 30 a\u00f1os de experiencia en el sector, agrupan todas [&hellip;]<\/p>\n","protected":false},"author":2,"featured_media":0,"parent":0,"menu_order":0,"comment_status":"closed","ping_status":"closed","template":"","meta":{"_monsterinsights_skip_tracking":false,"_monsterinsights_sitenote_active":false,"_monsterinsights_sitenote_note":"","_monsterinsights_sitenote_category":0,"footnotes":""},"class_list":["post-33","page","type-page","status-publish","hentry"],"aioseo_notices":[],"_links":{"self":[{"href":"https:\/\/www.zedant.es\/index.php\/wp-json\/wp\/v2\/pages\/33","targetHints":{"allow":["GET"]}}],"collection":[{"href":"https:\/\/www.zedant.es\/index.php\/wp-json\/wp\/v2\/pages"}],"about":[{"href":"https:\/\/www.zedant.es\/index.php\/wp-json\/wp\/v2\/types\/page"}],"author":[{"embeddable":true,"href":"https:\/\/www.zedant.es\/index.php\/wp-json\/wp\/v2\/users\/2"}],"replies":[{"embeddable":true,"href":"https:\/\/www.zedant.es\/index.php\/wp-json\/wp\/v2\/comments?post=33"}],"version-history":[{"count":16,"href":"https:\/\/www.zedant.es\/index.php\/wp-json\/wp\/v2\/pages\/33\/revisions"}],"predecessor-version":[{"id":681,"href":"https:\/\/www.zedant.es\/index.php\/wp-json\/wp\/v2\/pages\/33\/revisions\/681"}],"wp:attachment":[{"href":"https:\/\/www.zedant.es\/index.php\/wp-json\/wp\/v2\/media?parent=33"}],"curies":[{"name":"wp","href":"https:\/\/api.w.org\/{rel}","templated":true}]}}